{"id":38,"date":"2015-11-01T23:59:04","date_gmt":"2015-11-01T22:59:04","guid":{"rendered":"http:\/\/softwarovydozor.cz\/?page_id=38"},"modified":"2015-11-01T23:59:04","modified_gmt":"2015-11-01T22:59:04","slug":"problemy-a-rizika","status":"publish","type":"page","link":"https:\/\/softwarovydozor.cz\/index.php\/problemy-a-rizika\/","title":{"rendered":"Probl\u00e9my a rizika"},"content":{"rendered":"<p>B\u011bhem implementace podnikov\u00e9ho software m\u016f\u017ee doj\u00edt k n\u011bkolika v\u00e1\u017en\u00fdm komplikac\u00edm:<\/p>\n<ul>\n<li><strong>Ne\u010dekan\u00e9 n\u00e1klady<\/strong><br \/>\nSyst\u00e9m je mnohem n\u00e1kladn\u011bj\u0161\u00ed ne\u017e se p\u0159edpokl\u00e1dalo. N\u00e1klady mohou b\u00fdt zv\u00fd\u0161eny nejen p\u0159i samotn\u00e9 realizaci, ale tak\u00e9 p\u0159i n\u00e1sledn\u00e9m provozu syst\u00e9mu.<\/li>\n<li><strong>\u0158e\u0161en\u00ed je p\u0159\u00edli\u0161 slo\u017eit\u00e9<\/strong><br \/>\nSyst\u00e9m je tak slo\u017eit\u00fd, \u017ee se u\u017eivatel\u00e9 v syst\u00e9mu nevyznaj\u00ed. Syst\u00e9m vy\u017eaduje n\u00e1kladn\u00e9 \u0161kolen\u00ed, spr\u00e1va je velmi komplikovan\u00e1. To m\u00e1 za n\u00e1sledek zv\u00fd\u0161en\u00ed n\u00e1klad\u016f na provoz, je sn\u00ed\u017een\u00e1 zastupitelnost u\u017eivatel\u016f. Zvy\u0161uje se riziko chyb u\u017eivatel\u016f z d\u016fvodu slo\u017eitosti syst\u00e9mu. Doch\u00e1z\u00ed k &#8222;byrokratizaci&#8220; syst\u00e9mu.<\/li>\n<li><strong>\u0158e\u0161en\u00ed je p\u0159\u00edli\u0161 pomal\u00e9<\/strong><br \/>\n\u0158e\u0161en\u00ed zt\u011b\u017euje a demotivuje u\u017eivatele k pr\u00e1ci. Syst\u00e9m se st\u00e1v\u00e1 nepou\u017eiteln\u00fdm. Snaha o pozd\u011bj\u0161\u00ed zrychlen\u00ed vede k razantn\u00edmu zv\u00fd\u0161en\u00ed n\u00e1klad\u016f.<\/li>\n<li><strong>\u0158e\u0161en\u00ed obsahuje spoustu skryt\u00fdch syst\u00e9mov\u00fdch chyb<\/strong><br \/>\nSkryt\u00e9 chyby se v\u011bt\u0161inou objev\u00ed a\u017e po del\u0161\u00edm provozu. Tyto chyby mohou m\u00edt velmi v\u00e1\u017en\u00e9 d\u016fsledky nap\u0159. ztr\u00e1tu d\u016fle\u017eit\u00e9ho dokumentu, nedokon\u010den\u00fd proces a podobn\u011b.<\/li>\n<li><strong>Soci\u00e1ln\u00ed riziko<\/strong><br \/>\nR\u016fzn\u00ed u\u017eivatel\u00e9 m\u016f\u017eou m\u00edt r\u016fzn\u00e9 protich\u016fdn\u00e9 po\u017eadavky, kter\u00e9 mohou paralyzovat n\u00e1vrh cel\u00e9ho syst\u00e9mu.<\/li>\n<li><strong>Probl\u00e9mov\u00e1 integrace<\/strong><br \/>\nSyst\u00e9m nen\u00ed mo\u017en\u00e9 propojit s jin\u00fdmi \u0159e\u0161en\u00edmi. Pracn\u011b ulo\u017een\u00e1 data nen\u00ed mo\u017en\u00e9 jednodu\u0161e exportovat, \u010di p\u0159\u00edmo komunikovat se software t\u0159et\u00ed strany. \u010casto tento fakt znamen\u00e1 nepou\u017eitelnost syst\u00e9mu v budoucnu.<\/li>\n<li><strong>Z\u00e1vislost na dodavateli software<\/strong><br \/>\nP\u0159\u00edli\u0161n\u00e1 z\u00e1vislost na dodavateli a nemo\u017enost odej\u00edt ke konkurenci zvy\u0161uje n\u00e1klady na spr\u00e1vu syst\u00e9mu.<\/li>\n<li><strong>Technologick\u00e9 riziko<\/strong><br \/>\nNevhodn\u011b zvolen\u00fd hardware, nevhodn\u00e9, nekompatibiln\u00ed, nebo zastaral\u00e9 technologie. Hroz\u00ed nepou\u017eitelnost syst\u00e9mu v budoucnu, u\u017eivatel\u00e9 jsou nuceni pou\u017e\u00edvat nepodporovan\u00e9 technologie, kter\u00e9 mohou b\u00fdt nebezpe\u010dn\u00e9.<\/li>\n<li><strong>Bezpe\u010dnostn\u00ed riziko<\/strong><br \/>\nZranitelnost v\u016f\u010di \u00fatok\u016fm, ztr\u00e1ta dat, fale\u0161n\u00fd pocit bezpe\u010d\u00ed.<\/li>\n<li><strong>Provozn\u00ed riziko<\/strong><br \/>\nSyst\u00e9m m\u016f\u017ee trp\u011bt \u010dast\u00fdmi v\u00fdpadky, \u010dast\u00fd servisn\u00ed z\u00e1sah. Probl\u00e9m obnovit syst\u00e9m ze z\u00e1lohy. N\u011bkolikahodinov\u00e1 nedostupnost d\u016fle\u017eit\u00e9ho syst\u00e9mu m\u016f\u017ee znamenat velk\u00e9 finan\u010dn\u00ed ztr\u00e1ty.<\/li>\n<\/ul>\n","protected":false},"excerpt":{"rendered":"<p>B\u011bhem implementace podnikov\u00e9ho software m\u016f\u017ee doj\u00edt k n\u011bkolika v\u00e1\u017en\u00fdm komplikac\u00edm: Ne\u010dekan\u00e9 n\u00e1klady Syst\u00e9m je mnohem n\u00e1kladn\u011bj\u0161\u00ed ne\u017e se p\u0159edpokl\u00e1dalo. N\u00e1klady mohou b\u00fdt zv\u00fd\u0161eny nejen p\u0159i samotn\u00e9 realizaci, ale tak\u00e9 p\u0159i n\u00e1sledn\u00e9m provozu syst\u00e9mu. \u0158e\u0161en\u00ed je p\u0159\u00edli\u0161 slo\u017eit\u00e9 Syst\u00e9m je tak &hellip; <a href=\"https:\/\/softwarovydozor.cz\/index.php\/problemy-a-rizika\/\">Cel\u00fd p\u0159\u00edsp\u011bvek <span class=\"meta-nav\">&rarr;<\/span><\/a><\/p>\n","protected":false},"author":1,"featured_media":0,"parent":0,"menu_order":0,"comment_status":"closed","ping_status":"closed","template":"","meta":{"footnotes":""},"class_list":["post-38","page","type-page","status-publish","hentry"],"_links":{"self":[{"href":"https:\/\/softwarovydozor.cz\/index.php\/wp-json\/wp\/v2\/pages\/38","targetHints":{"allow":["GET"]}}],"collection":[{"href":"https:\/\/softwarovydozor.cz\/index.php\/wp-json\/wp\/v2\/pages"}],"about":[{"href":"https:\/\/softwarovydozor.cz\/index.php\/wp-json\/wp\/v2\/types\/page"}],"author":[{"embeddable":true,"href":"https:\/\/softwarovydozor.cz\/index.php\/wp-json\/wp\/v2\/users\/1"}],"replies":[{"embeddable":true,"href":"https:\/\/softwarovydozor.cz\/index.php\/wp-json\/wp\/v2\/comments?post=38"}],"version-history":[{"count":1,"href":"https:\/\/softwarovydozor.cz\/index.php\/wp-json\/wp\/v2\/pages\/38\/revisions"}],"predecessor-version":[{"id":39,"href":"https:\/\/softwarovydozor.cz\/index.php\/wp-json\/wp\/v2\/pages\/38\/revisions\/39"}],"wp:attachment":[{"href":"https:\/\/softwarovydozor.cz\/index.php\/wp-json\/wp\/v2\/media?parent=38"}],"curies":[{"name":"wp","href":"https:\/\/api.w.org\/{rel}","templated":true}]}}