{"id":2,"date":"2015-07-14T21:23:55","date_gmt":"2015-07-14T20:23:55","guid":{"rendered":"http:\/\/softwarovydozor.cz\/new\/?page_id=2"},"modified":"2015-11-01T23:59:47","modified_gmt":"2015-11-01T22:59:47","slug":"zkusebni-stranka","status":"publish","type":"page","link":"https:\/\/softwarovydozor.cz\/","title":{"rendered":""},"content":{"rendered":"<p><strong>Co je to softwarov\u00fd dozor?<\/strong><\/p>\n<blockquote><p>Softwarov\u00fd dozor zaji\u0161\u0165uje hladk\u00fd pr\u016fb\u011bh procesu tvorby zak\u00e1zkov\u00e9ho software. Garantuje kvalitu \u0159e\u0161en\u00ed a sni\u017euje celkov\u00e9 n\u00e1klady. Softwarov\u00fd dozor je prost\u0159edn\u00edk mezi z\u00e1kazn\u00edkem a dodavatelem IT \u0159e\u0161en\u00ed. Zjednodu\u0161en\u011b \u0159e\u010deno, softwarov\u00fd dozor je obdoba stavebn\u00edho dozoru v oblasti stavebnictv\u00ed.<\/p><\/blockquote>\n<p><strong>Pro koho je slu\u017eba softwarov\u00fd dozor ur\u010dena?<\/strong><\/p>\n<blockquote><p>Pro kohokoliv, kdo si chce nechat vytvo\u0159it n\u011bjak\u00fd slo\u017eit\u011bj\u0161\u00ed IT syst\u00e9m na m\u00edru: Firmy r\u016fzn\u00fdch velikost\u00ed, banky, st\u00e1tn\u00ed organizace.<\/p><\/blockquote>\n<p><strong>Pro\u010d m\u00e1me vyu\u017e\u00edt slu\u017ebu softwarov\u00e9ho dozoru?<\/strong><\/p>\n<blockquote><p>Proto\u017ee n\u00e1vrh nov\u00e9ho software je v\u017edy <a href=\"http:\/\/softwarovydozor.cz\/index.php\/problemy-a-rizika\/\">pln\u00fd rizik<\/a>, kter\u00e9 softwarov\u00fd dozor um\u00ed v\u010das minimalizovat.<\/p><\/blockquote>\n<p><strong>Nezdra\u017e\u00ed ze zbyte\u010dn\u011b cena za IT syst\u00e9m kv\u016fli softwarov\u00e9mu dozoru?<\/strong><\/p>\n<blockquote><p>Naopak, softwarov\u00fd dozor prosazuje efektivn\u00ed \u0159e\u0161en\u00ed, kter\u00e9 b\u00fdvaj\u00ed obvykle i levn\u011bj\u0161\u00ed.<\/p><\/blockquote>\n","protected":false},"excerpt":{"rendered":"<p>Co je to softwarov\u00fd dozor? Softwarov\u00fd dozor zaji\u0161\u0165uje hladk\u00fd pr\u016fb\u011bh procesu tvorby zak\u00e1zkov\u00e9ho software. Garantuje kvalitu \u0159e\u0161en\u00ed a sni\u017euje celkov\u00e9 n\u00e1klady. Softwarov\u00fd dozor je prost\u0159edn\u00edk mezi z\u00e1kazn\u00edkem a dodavatelem IT \u0159e\u0161en\u00ed. Zjednodu\u0161en\u011b \u0159e\u010deno, softwarov\u00fd dozor je obdoba stavebn\u00edho dozoru v &hellip; <a href=\"https:\/\/softwarovydozor.cz\/\">Cel\u00fd p\u0159\u00edsp\u011bvek <span class=\"meta-nav\">&rarr;<\/span><\/a><\/p>\n","protected":false},"author":1,"featured_media":0,"parent":0,"menu_order":0,"comment_status":"closed","ping_status":"closed","template":"","meta":{"footnotes":""},"class_list":["post-2","page","type-page","status-publish","hentry"],"_links":{"self":[{"href":"https:\/\/softwarovydozor.cz\/index.php\/wp-json\/wp\/v2\/pages\/2","targetHints":{"allow":["GET"]}}],"collection":[{"href":"https:\/\/softwarovydozor.cz\/index.php\/wp-json\/wp\/v2\/pages"}],"about":[{"href":"https:\/\/softwarovydozor.cz\/index.php\/wp-json\/wp\/v2\/types\/page"}],"author":[{"embeddable":true,"href":"https:\/\/softwarovydozor.cz\/index.php\/wp-json\/wp\/v2\/users\/1"}],"replies":[{"embeddable":true,"href":"https:\/\/softwarovydozor.cz\/index.php\/wp-json\/wp\/v2\/comments?post=2"}],"version-history":[{"count":8,"href":"https:\/\/softwarovydozor.cz\/index.php\/wp-json\/wp\/v2\/pages\/2\/revisions"}],"predecessor-version":[{"id":23,"href":"https:\/\/softwarovydozor.cz\/index.php\/wp-json\/wp\/v2\/pages\/2\/revisions\/23"}],"wp:attachment":[{"href":"https:\/\/softwarovydozor.cz\/index.php\/wp-json\/wp\/v2\/media?parent=2"}],"curies":[{"name":"wp","href":"https:\/\/api.w.org\/{rel}","templated":true}]}}