{"id":13,"date":"2015-07-14T22:03:31","date_gmt":"2015-07-14T21:03:31","guid":{"rendered":"http:\/\/softwarovydozor.cz\/new\/?page_id=13"},"modified":"2021-06-12T15:07:11","modified_gmt":"2021-06-12T14:07:11","slug":"kontakt","status":"publish","type":"page","link":"https:\/\/softwarovydozor.cz\/index.php\/kontakt\/","title":{"rendered":"Kontakt"},"content":{"rendered":"<p>Ing. Roman Bouchner<\/p>\n<p>Email: <a href=\"javascript:location=String.fromCharCode(109,97,(104+1),108,(115+1),111,58,100+14,111,110-1)+'an.bouchner.sd'+String.fromCharCode(64)+'softwarovydozor.cz'\">roman.bouchner.sd[at]softwarovydozor.cz<\/a><\/p>\n<p>LinkedIn: <a href=\"https:\/\/cz.linkedin.com\/in\/roman-bouchner-23708624\">https:\/\/www.linkedin.com\/in\/roman-bouchner-23708624<\/a><br \/>\n&nbsp;<br \/>\nPr\u00e1v\u011b pracuji na: <a href=\"https:\/\/www.elementarypos.com\">Mobile POS Cash Register<\/a> &#8211; Pokladna do mobilu.<br \/>\n<br \/>\nZaj\u00edmav\u00e9 projekty:<\/p>\n<ul>\n<li><a href=\"https:\/\/spoilerproxy.com\">Spoiler Proxy &#8211; Microservice testing tool<\/a><\/li>\n<li><a href=\"https:\/\/goodbackend.com\">How to create a good scalable backend<\/a><\/li>\n<\/ul>\n<p>&nbsp;<\/p>\n<p><em>Ing. Roman Bouchner<\/em><\/p>\n<p><em>M\u00e1 patn\u00e1ctiletou zku\u0161enost s implementac\u00ed podnikov\u00fdch \u0159e\u0161en\u00ed zejm\u00e9na v oblasti spr\u00e1vy dokument\u016f a workflow. Pracuje na pozic\u00edch designera, analytika a syst\u00e9mov\u00e9ho program\u00e1tora. Studoval na \u010cVUT Praha, Fakulta Elekrotechnick\u00e1.<\/em><\/p>\n<p><em>Dosavadn\u00ed praxe: Spr\u00e1va dokument\u016f a workflow, OCR aplikace, kryptografie, bezpe\u010dnost, v\u00edcevl\u00e1knov\u00e9 aplika\u010dn\u00ed servery, webov\u00e9 servery, datab\u00e1zov\u00e9 \u0159e\u0161en\u00ed, anal\u00fdza a optimalizace rychlosti softwarov\u00fdch \u0159e\u0161en\u00ed, \u0159\u00edzen\u00ed automatick\u00fdch performance test\u016f.<\/em><\/p>\n<p><em>Technologie: Java, C++, Javascript, SQL, UML, XML, XSLT, XPath, PostgreSQL, MySQL, JSP, AngularJS, NodeJS, Android, Linux, Documentum, SOAP, REST, CORBA, GWT, Swing, BPEL, &#8230;<\/em><\/p>\n","protected":false},"excerpt":{"rendered":"<p>Ing. Roman Bouchner Email: roman.bouchner.sd[at]softwarovydozor.cz LinkedIn: https:\/\/www.linkedin.com\/in\/roman-bouchner-23708624 &nbsp; Pr\u00e1v\u011b pracuji na: Mobile POS Cash Register &#8211; Pokladna do mobilu. Zaj\u00edmav\u00e9 projekty: Spoiler Proxy &#8211; Microservice testing tool How to create a good scalable backend &nbsp; Ing. Roman Bouchner M\u00e1 patn\u00e1ctiletou &hellip; <a href=\"https:\/\/softwarovydozor.cz\/index.php\/kontakt\/\">Cel\u00fd p\u0159\u00edsp\u011bvek <span class=\"meta-nav\">&rarr;<\/span><\/a><\/p>\n","protected":false},"author":1,"featured_media":0,"parent":0,"menu_order":0,"comment_status":"closed","ping_status":"closed","template":"","meta":{"footnotes":""},"class_list":["post-13","page","type-page","status-publish","hentry"],"_links":{"self":[{"href":"https:\/\/softwarovydozor.cz\/index.php\/wp-json\/wp\/v2\/pages\/13","targetHints":{"allow":["GET"]}}],"collection":[{"href":"https:\/\/softwarovydozor.cz\/index.php\/wp-json\/wp\/v2\/pages"}],"about":[{"href":"https:\/\/softwarovydozor.cz\/index.php\/wp-json\/wp\/v2\/types\/page"}],"author":[{"embeddable":true,"href":"https:\/\/softwarovydozor.cz\/index.php\/wp-json\/wp\/v2\/users\/1"}],"replies":[{"embeddable":true,"href":"https:\/\/softwarovydozor.cz\/index.php\/wp-json\/wp\/v2\/comments?post=13"}],"version-history":[{"count":15,"href":"https:\/\/softwarovydozor.cz\/index.php\/wp-json\/wp\/v2\/pages\/13\/revisions"}],"predecessor-version":[{"id":64,"href":"https:\/\/softwarovydozor.cz\/index.php\/wp-json\/wp\/v2\/pages\/13\/revisions\/64"}],"wp:attachment":[{"href":"https:\/\/softwarovydozor.cz\/index.php\/wp-json\/wp\/v2\/media?parent=13"}],"curies":[{"name":"wp","href":"https:\/\/api.w.org\/{rel}","templated":true}]}}